{"id":2,"date":"2025-12-15T08:49:04","date_gmt":"2025-12-15T08:49:04","guid":{"rendered":"https:\/\/idakukkapuro.com\/?page_id=2"},"modified":"2026-02-15T20:45:27","modified_gmt":"2026-02-15T20:45:27","slug":"sample-page","status":"publish","type":"page","link":"https:\/\/idakukkapuro.com\/","title":{"rendered":"Ida Kukkapuro"},"content":{"rendered":"<div class=\"kb-row-layout-wrap kb-row-layout-id2_61fcc5-90 alignnone wp-block-kadence-rowlayout\"><div class=\"kt-row-column-wrap kt-has-1-columns kt-row-layout-equal kt-tab-layout-inherit kt-mobile-layout-row kt-row-valign-top\">\n\n<div class=\"wp-block-kadence-column kadence-column2_eef8bf-cc\"><div class=\"kt-inside-inner-col\">\n<h2 class=\"kt-adv-heading2_079a39-54 wp-block-kadence-advancedheading\" data-kb-block=\"kb-adv-heading2_079a39-54\">Studio kukkapuro<\/h2>\n\n\n<div class=\"kb-row-layout-wrap kb-row-layout-id2_2fbb58-3a alignnone wp-block-kadence-rowlayout\"><div class=\"kt-row-column-wrap kt-has-2-columns kt-row-layout-left-golden kt-tab-layout-inherit kt-mobile-layout-left-golden kt-row-valign-top\">\n\n<div class=\"wp-block-kadence-column kadence-column2_0a4d5b-99\" data-aos=\"fade\" data-aos-offset=\"100\" data-aos-easing=\"ease\"><div class=\"kt-inside-inner-col\">\n<p>Ida is the director of the <a href=\"https:\/\/studiokukkapuro.com\/\" data-type=\"link\" data-id=\"https:\/\/studiokukkapuro.com\/\" target=\"_blank\" rel=\"noreferrer noopener\">Studio Kukkapuro<\/a>, an initiative dedicated to preserving the artistic legacy of Irmeli and Yrj\u00f6 Kukkapuro.<\/p>\n<\/div><\/div>\n\n\n\n<div class=\"wp-block-kadence-column kadence-column2_1efd26-56\"><div class=\"kt-inside-inner-col\"><div class=\"kb-row-layout-wrap kb-row-layout-id2_1539a7-b1 alignnone wp-block-kadence-rowlayout\"><div class=\"kt-row-column-wrap kt-has-1-columns kt-row-layout-equal kt-tab-layout-inherit kt-mobile-layout-row kt-row-valign-top\">\n\n<div class=\"wp-block-kadence-column kadence-column2_6af3a3-71\"><div class=\"kt-inside-inner-col\">\n<figure data-wp-context=\"{&quot;imageId&quot;:&quot;69e005cb154cd&quot;}\" data-wp-interactive=\"core\/image\" data-wp-key=\"69e005cb154cd\" class=\"wp-block-image size-medium is-resized wp-lightbox-container\"><img loading=\"lazy\" decoding=\"async\" width=\"225\" height=\"300\" data-wp-class--hide=\"state.isContentHidden\" data-wp-class--show=\"state.isContentVisible\" data-wp-init=\"callbacks.setButtonStyles\" data-wp-on--click=\"actions.showLightbox\" data-wp-on--load=\"callbacks.setButtonStyles\" data-wp-on-window--resize=\"callbacks.setButtonStyles\" src=\"https:\/\/idakukkapuro.com\/wp-content\/uploads\/2026\/01\/ida_kukkapuro_202601_by_carl_bergman_final_3000px_JPEG_SRGB_B0040367_GRID-225x300.jpg\" alt=\"Ida with Model 4 chair\" class=\"wp-image-331\" style=\"width:60px\" srcset=\"https:\/\/idakukkapuro.com\/wp-content\/uploads\/2026\/01\/ida_kukkapuro_202601_by_carl_bergman_final_3000px_JPEG_SRGB_B0040367_GRID-225x300.jpg 225w, https:\/\/idakukkapuro.com\/wp-content\/uploads\/2026\/01\/ida_kukkapuro_202601_by_carl_bergman_final_3000px_JPEG_SRGB_B0040367_GRID-768x1024.jpg 768w, https:\/\/idakukkapuro.com\/wp-content\/uploads\/2026\/01\/ida_kukkapuro_202601_by_carl_bergman_final_3000px_JPEG_SRGB_B0040367_GRID-1152x1536.jpg 1152w, https:\/\/idakukkapuro.com\/wp-content\/uploads\/2026\/01\/ida_kukkapuro_202601_by_carl_bergman_final_3000px_JPEG_SRGB_B0040367_GRID-1536x2048.jpg 1536w, https:\/\/idakukkapuro.com\/wp-content\/uploads\/2026\/01\/ida_kukkapuro_202601_by_carl_bergman_final_3000px_JPEG_SRGB_B0040367_GRID-scaled.jpg 1920w\" sizes=\"auto, (max-width: 225px) 100vw, 225px\" \/><button\n\t\t\tclass=\"lightbox-trigger\"\n\t\t\ttype=\"button\"\n\t\t\taria-haspopup=\"dialog\"\n\t\t\taria-label=\"Suurenna\"\n\t\t\tdata-wp-init=\"callbacks.initTriggerButton\"\n\t\t\tdata-wp-on--click=\"actions.showLightbox\"\n\t\t\tdata-wp-style--right=\"state.imageButtonRight\"\n\t\t\tdata-wp-style--top=\"state.imageButtonTop\"\n\t\t>\n\t\t\t<svg xmlns=\"http:\/\/www.w3.org\/2000\/svg\" width=\"12\" height=\"12\" fill=\"none\" viewBox=\"0 0 12 12\">\n\t\t\t\t<path fill=\"#fff\" d=\"M2 0a2 2 0 0 0-2 2v2h1.5V2a.5.5 0 0 1 .5-.5h2V0H2Zm2 10.5H2a.5.5 0 0 1-.5-.5V8H0v2a2 2 0 0 0 2 2h2v-1.5ZM8 12v-1.5h2a.5.5 0 0 0 .5-.5V8H12v2a2 2 0 0 1-2 2H8Zm2-12a2 2 0 0 1 2 2v2h-1.5V2a.5.5 0 0 0-.5-.5H8V0h2Z\" \/>\n\t\t\t<\/svg>\n\t\t<\/button><\/figure>\n<\/div><\/div>\n\n<\/div><\/div><\/div><\/div>\n\n<\/div><\/div>\n\n\n<h2 class=\"kt-adv-heading2_895cc5-29 wp-block-kadence-advancedheading\" data-kb-block=\"kb-adv-heading2_895cc5-29\">tv &amp; radio<\/h2>\n\n\n\n<p><a href=\"https:\/\/areena.yle.fi\/1-68239810\" type=\"link\" id=\"https:\/\/areena.yle.fi\/1-68239810\" target=\"_blank\" rel=\"noreferrer noopener\">Ida is the host of Rakkaani<\/a><a href=\"https:\/\/areena.yle.fi\/1-68239810\" type=\"link\" id=\"https:\/\/areena.yle.fi\/1-68239810\">, kaupunki<\/a> (YLE, 2025), a series about urban architecture.<\/p>\n\n\n\n<p>Ida has been researcher in the <a href=\"https:\/\/areena.yle.fi\/1-4210084\" target=\"_blank\" rel=\"noreferrer noopener\">Design 3000 <\/a>and <a href=\"https:\/\/areena.yle.fi\/1-3826507\" target=\"_blank\" rel=\"noreferrer noopener\">Stugor<\/a> tv-series produced for YLE.<\/p>\n\n\n\n<p class=\"kt-adv-heading2_4d7d85-59 wp-block-kadence-advancedheading\" data-kb-block=\"kb-adv-heading2_4d7d85-59\"><\/p>\n\n\n\n<p><a href=\"https:\/\/arenan.yle.fi\/1-62151109\" target=\"_blank\" rel=\"noreferrer noopener\">Basta med Kasper Str\u00f6mman<\/a>, YLE<\/p>\n\n\n\n<p><a href=\"https:\/\/areena.yle.fi\/1-61741077\" data-type=\"link\" data-id=\"https:\/\/areena.yle.fi\/1-61741077\" target=\"_blank\" rel=\"noreferrer noopener\">D\u00e5lig design<\/a>, YLE, stoff.fi<\/p>\n\n\n\n<p><a href=\"https:\/\/areena.yle.fi\/1-4210084\" data-type=\"link\" data-id=\"https:\/\/areena.yle.fi\/1-4210084\" target=\"_blank\" rel=\"noreferrer noopener\">Design 3000<\/a>, YLE, SVT &amp; NRK<\/p>\n\n\n\n<p><a href=\"https:\/\/areena.yle.fi\/1-3826507\" data-type=\"link\" data-id=\"https:\/\/areena.yle.fi\/1-3826507\" target=\"_blank\" rel=\"noreferrer noopener\">Stugor<\/a>, Yle Fem<\/p>\n\n\n\n<p><a href=\"https:\/\/www.radiohelsinki.fi\/ohjelma\/ytimessa\/\">Ytimess\u00e4,<\/a> Radio Helsinki<\/p>\n\n\n\n<p><a href=\"https:\/\/ym.fi\/uusikaava\" target=\"_blank\" rel=\"noreferrer noopener\">Uusi kaava<\/a>, Ymp\u00e4rist\u00f6ministeri\u00f6n podcast<\/p>\n\n\n\n<h2 class=\"kt-adv-heading2_309cf0-03 wp-block-kadence-advancedheading\" data-kb-block=\"kb-adv-heading2_309cf0-03\">Sisaruuksia<\/h2>\n\n\n<div class=\"kb-row-layout-wrap kb-row-layout-id2_54288e-56 alignnone wp-block-kadence-rowlayout\"><div class=\"kt-row-column-wrap kt-has-2-columns kt-row-layout-left-golden kt-tab-layout-inherit kt-mobile-layout-left-golden kt-row-valign-top\">\n\n<div class=\"wp-block-kadence-column kadence-column2_44340f-da\" data-aos=\"fade\" data-aos-offset=\"100\" data-aos-easing=\"ease\"><div class=\"kt-inside-inner-col\">\n<p><a href=\"https:\/\/kustantamo.sets.fi\/kirjailijat\/ida-kukkapuro\/\" target=\"_blank\" rel=\"noreferrer noopener\">Sisaruuksia (S&amp;S 2025)<\/a>, is a memoir about siblings and blended families in the context of nuclear family norms.<\/p>\n\n\n\n<p><em>Sisaruuksia<\/em> is a book that asks how we might learn to be brothers and sisters to one another.<\/p>\n<\/div><\/div>\n\n\n\n<div class=\"wp-block-kadence-column kadence-column2_070696-2d\"><div class=\"kt-inside-inner-col\"><div class=\"kb-row-layout-wrap kb-row-layout-id2_3d17e2-47 alignnone wp-block-kadence-rowlayout\"><div class=\"kt-row-column-wrap kt-has-1-columns kt-row-layout-equal kt-tab-layout-inherit kt-mobile-layout-row kt-row-valign-top\">\n\n<div class=\"wp-block-kadence-column kadence-column2_f87792-ab\"><div class=\"kt-inside-inner-col\">\n<figure data-wp-context=\"{&quot;imageId&quot;:&quot;69e005cb16080&quot;}\" data-wp-interactive=\"core\/image\" data-wp-key=\"69e005cb16080\" class=\"wp-block-image alignleft size-medium is-resized wp-lightbox-container\"><img loading=\"lazy\" decoding=\"async\" width=\"189\" height=\"300\" data-wp-class--hide=\"state.isContentHidden\" data-wp-class--show=\"state.isContentVisible\" data-wp-init=\"callbacks.setButtonStyles\" data-wp-on--click=\"actions.showLightbox\" data-wp-on--load=\"callbacks.setButtonStyles\" data-wp-on-window--resize=\"callbacks.setButtonStyles\" src=\"https:\/\/idakukkapuro.com\/wp-content\/uploads\/2025\/12\/9789515263223_1-sisaruuksia-189x300.webp\" alt=\"\" class=\"wp-image-218\" style=\"width:50px\" srcset=\"https:\/\/idakukkapuro.com\/wp-content\/uploads\/2025\/12\/9789515263223_1-sisaruuksia-189x300.webp 189w, https:\/\/idakukkapuro.com\/wp-content\/uploads\/2025\/12\/9789515263223_1-sisaruuksia-647x1024.webp 647w, https:\/\/idakukkapuro.com\/wp-content\/uploads\/2025\/12\/9789515263223_1-sisaruuksia-768x1216.webp 768w, https:\/\/idakukkapuro.com\/wp-content\/uploads\/2025\/12\/9789515263223_1-sisaruuksia.webp 950w\" sizes=\"auto, (max-width: 189px) 100vw, 189px\" \/><button\n\t\t\tclass=\"lightbox-trigger\"\n\t\t\ttype=\"button\"\n\t\t\taria-haspopup=\"dialog\"\n\t\t\taria-label=\"Suurenna\"\n\t\t\tdata-wp-init=\"callbacks.initTriggerButton\"\n\t\t\tdata-wp-on--click=\"actions.showLightbox\"\n\t\t\tdata-wp-style--right=\"state.imageButtonRight\"\n\t\t\tdata-wp-style--top=\"state.imageButtonTop\"\n\t\t>\n\t\t\t<svg xmlns=\"http:\/\/www.w3.org\/2000\/svg\" width=\"12\" height=\"12\" fill=\"none\" viewBox=\"0 0 12 12\">\n\t\t\t\t<path fill=\"#fff\" d=\"M2 0a2 2 0 0 0-2 2v2h1.5V2a.5.5 0 0 1 .5-.5h2V0H2Zm2 10.5H2a.5.5 0 0 1-.5-.5V8H0v2a2 2 0 0 0 2 2h2v-1.5ZM8 12v-1.5h2a.5.5 0 0 0 .5-.5V8H12v2a2 2 0 0 1-2 2H8Zm2-12a2 2 0 0 1 2 2v2h-1.5V2a.5.5 0 0 0-.5-.5H8V0h2Z\" \/>\n\t\t\t<\/svg>\n\t\t<\/button><\/figure>\n<\/div><\/div>\n\n<\/div><\/div><\/div><\/div>\n\n<\/div><\/div>\n\n\n<h2 class=\"kt-adv-heading2_66f667-48 wp-block-kadence-advancedheading\" data-kb-block=\"kb-adv-heading2_66f667-48\">OTHER OLD BUT NICE PROJECTS<\/h2>\n\n\n\n<p>Previously Ida worked as the editor-in-chief at Helsinki Design Weekly, she founded and hosted a weekly design program at Radio Helsinki.<\/p>\n\n\n\n<p class=\"first-indent\">In printed form Ida&#8217;s articles have been published in <a href=\"https:\/\/www.apartamentomagazine.com\/archive\/yrjo-kukkapuro\/\" type=\"link\" id=\"https:\/\/www.apartamentomagazine.com\/archive\/yrjo-kukkapuro\/\" target=\"_blank\" rel=\"noreferrer noopener\">Apartamento<\/a>, <a data-type=\"link\" data-id=\"https:\/\/www.meillakotona.fi\/\" href=\"https:\/\/www.meillakotona.fi\/\" target=\"_blank\" rel=\"noreferrer noopener\">Avotakka<\/a>, <a href=\"https:\/\/svenskform.se\/en\/form\/\" type=\"link\" id=\"https:\/\/svenskform.se\/en\/form\/\" target=\"_blank\" rel=\"noreferrer noopener\">Form<\/a>, <a data-type=\"link\" data-id=\"https:\/\/www.theguardian.com\/international\" href=\"https:\/\/www.theguardian.com\/international\" target=\"_blank\" rel=\"noreferrer noopener\">The Guardian<\/a>, <a data-type=\"link\" data-id=\"https:\/\/grafia.fi\/\" href=\"https:\/\/grafia.fi\/\">Grafia Magazine<\/a>, <a data-type=\"link\" data-id=\"https:\/\/www.slanted.de\/\" href=\"https:\/\/www.slanted.de\/\" target=\"_blank\" rel=\"noreferrer noopener\">Slanted<\/a>, Helsinki Beyond Dreams (2012), <a data-type=\"link\" data-id=\"https:\/\/gestalten.com\/collections\/all\" href=\"https:\/\/gestalten.com\/collections\/all\">Out of the Blue (Gestalten<\/a>, 2014), Wilder Quarterly etc.&nbsp;<\/p>\n<\/div><\/div>\n\n<\/div><\/div>\n\n\n<p><\/p>\n","protected":false},"excerpt":{"rendered":"<p>Studio kukkapuro Ida is the director of the Studio Kukkapuro, an initiative dedicated to preserving the artistic legacy of Irmeli and Yrj\u00f6 Kukkapuro. tv &amp; radio Ida is the host of Rakkaani, kaupunki (YLE, 2025), a series about urban architecture. Ida has been researcher in the Design 3000 and Stugor tv-series produced for YLE. Basta [&hellip;]<\/p>\n","protected":false},"author":1,"featured_media":325,"parent":0,"menu_order":0,"comment_status":"closed","ping_status":"open","template":"page-no-title","meta":{"_kad_blocks_custom_css":"","_kad_blocks_head_custom_js":"","_kad_blocks_body_custom_js":"","_kad_blocks_footer_custom_js":"<script src=\"https:\/\/cdnjs.cloudflare.com\/ajax\/libs\/lottie-web\/5.12.2\/lottie.min.js\"><\/script>\n<script src=\"https:\/\/cdnjs.cloudflare.com\/ajax\/libs\/gsap\/3.12.2\/gsap.min.js\"><\/script>\n<script src=\"https:\/\/cdnjs.cloudflare.com\/ajax\/libs\/gsap\/3.12.2\/ScrollTrigger.min.js\"><\/script>\n\n<script>\ndocument.addEventListener(\"DOMContentLoaded\", function() {\n    gsap.registerPlugin(ScrollTrigger);\n\n    \/\/ Detect real mobile devices\n    function isMobile() {\n        return \/iPhone|iPad|iPod|Android\/i.test(navigator.userAgent);\n    }\n\n    const rendererType = isMobile() ? \"canvas\" : \"svg\";\n\n    \/\/ --- ANIMATION 1 ---\n    const anim1 = lottie.loadAnimation({\n        container: document.getElementById('wp-lottie-container'),\n        renderer: rendererType,\n        loop: false,\n        autoplay: false,\n        path: 'https:\/\/idakukkapuro.com\/wp-content\/uploads\/2026\/02\/IK_logo_3x_movement.json'\n    });\n\n    anim1.addEventListener(\"DOMLoaded\", () => {\n        const totalFrames = anim1.totalFrames;\n    const proxy = { frame: 0 };\n    \n    gsap.to(proxy, {\n        frame: totalFrames - 1,\n            ease: \"none\",\n            scrollTrigger: {\n                trigger: \"#lottie-scrub-section\",\n                start: \"top top\",\n                end: \"+=500\",\n                pin: true,\n                scrub: 1\n            },\n            onUpdate: () => anim1.goToAndStop(proxy.frame, true)\n        });\n\n        ScrollTrigger.refresh(); \/\/ iOS fix\n    });\n\n    \/\/ --- ANIMATION 2 ---\n    const anim2 = lottie.loadAnimation({\n        container: document.getElementById('wp-lottie-container-2'),\n        renderer: rendererType,\n        loop: false,\n        autoplay: false,\n        path: 'https:\/\/idakukkapuro.com\/wp-content\/uploads\/2025\/12\/IK_logo-1.json'\n    });\n\n    anim2.addEventListener(\"DOMLoaded\", () => {\n        const maxFrame = (anim2.totalFrames - 1) * 0.73;\n        const proxy = { frame: 0 };\n\n        gsap.to(proxy, {\n            frame: maxFrame,\n            ease: \"none\",\n            scrollTrigger: {\n                trigger: \"#lottie-scrub-section-2\",\n                start: \"clamp(top bottom)\",\n                end: \"+=1500\",\n                pin: true,\n                scrub: 1,\n                pinSpacing: true\n            },\n            onUpdate: () => anim2.goToAndStop(proxy.frame, true)\n        });\n\n        ScrollTrigger.refresh(); \/\/ iOS fix\n    });\n});\n<\/script>","footnotes":""},"class_list":["post-2","page","type-page","status-publish","has-post-thumbnail","hentry"],"yoast_head":"<!-- This site is optimized with the Yoast SEO plugin v26.8 - https:\/\/yoast.com\/product\/yoast-seo-wordpress\/ -->\n<title>Ida Kukkapuro<\/title>\n<meta name=\"robots\" content=\"index, follow, max-snippet:-1, max-image-preview:large, max-video-preview:-1\" \/>\n<link rel=\"canonical\" href=\"https:\/\/idakukkapuro.com\/\" \/>\n<meta property=\"og:locale\" content=\"fi_FI\" \/>\n<meta property=\"og:type\" content=\"article\" \/>\n<meta property=\"og:title\" content=\"Ida Kukkapuro\" \/>\n<meta property=\"og:description\" content=\"Studio kukkapuro Ida is the director of the Studio Kukkapuro, an initiative dedicated to preserving the artistic legacy of Irmeli and Yrj\u00f6 Kukkapuro. tv &amp; radio Ida is the host of Rakkaani, kaupunki (YLE, 2025), a series about urban architecture. Ida has been researcher in the Design 3000 and Stugor tv-series produced for YLE. Basta [&hellip;]\" \/>\n<meta property=\"og:url\" content=\"https:\/\/idakukkapuro.com\/\" \/>\n<meta property=\"og:site_name\" content=\"Ida Kukkapuro\" \/>\n<meta property=\"article:modified_time\" content=\"2026-02-15T20:45:27+00:00\" \/>\n<meta property=\"og:image\" content=\"https:\/\/idakukkapuro.com\/wp-content\/uploads\/2026\/01\/ida-kukkapuro-portfolio-scaled.png\" \/>\n\t<meta property=\"og:image:width\" content=\"2560\" \/>\n\t<meta property=\"og:image:height\" content=\"1198\" \/>\n\t<meta property=\"og:image:type\" content=\"image\/png\" \/>\n<meta name=\"twitter:card\" content=\"summary_large_image\" \/>\n<meta name=\"twitter:label1\" content=\"Arvioitu lukuaika\" \/>\n\t<meta name=\"twitter:data1\" content=\"2 minuuttia\" \/>\n<script type=\"application\/ld+json\" class=\"yoast-schema-graph\">{\"@context\":\"https:\/\/schema.org\",\"@graph\":[{\"@type\":\"WebPage\",\"@id\":\"https:\/\/idakukkapuro.com\/\",\"url\":\"https:\/\/idakukkapuro.com\/\",\"name\":\"Ida Kukkapuro\",\"isPartOf\":{\"@id\":\"https:\/\/idakukkapuro.com\/#website\"},\"primaryImageOfPage\":{\"@id\":\"https:\/\/idakukkapuro.com\/#primaryimage\"},\"image\":{\"@id\":\"https:\/\/idakukkapuro.com\/#primaryimage\"},\"thumbnailUrl\":\"https:\/\/idakukkapuro.com\/wp-content\/uploads\/2026\/01\/ida-kukkapuro-portfolio-scaled.png\",\"datePublished\":\"2025-12-15T08:49:04+00:00\",\"dateModified\":\"2026-02-15T20:45:27+00:00\",\"breadcrumb\":{\"@id\":\"https:\/\/idakukkapuro.com\/#breadcrumb\"},\"inLanguage\":\"fi\",\"potentialAction\":[{\"@type\":\"ReadAction\",\"target\":[\"https:\/\/idakukkapuro.com\/\"]}]},{\"@type\":\"ImageObject\",\"inLanguage\":\"fi\",\"@id\":\"https:\/\/idakukkapuro.com\/#primaryimage\",\"url\":\"https:\/\/idakukkapuro.com\/wp-content\/uploads\/2026\/01\/ida-kukkapuro-portfolio-scaled.png\",\"contentUrl\":\"https:\/\/idakukkapuro.com\/wp-content\/uploads\/2026\/01\/ida-kukkapuro-portfolio-scaled.png\",\"width\":2560,\"height\":1198},{\"@type\":\"BreadcrumbList\",\"@id\":\"https:\/\/idakukkapuro.com\/#breadcrumb\",\"itemListElement\":[{\"@type\":\"ListItem\",\"position\":1,\"name\":\"Etusivu\",\"item\":\"https:\/\/idakukkapuro.com\/\"},{\"@type\":\"ListItem\",\"position\":2,\"name\":\"Ida Kukkapuro\"}]},{\"@type\":\"WebSite\",\"@id\":\"https:\/\/idakukkapuro.com\/#website\",\"url\":\"https:\/\/idakukkapuro.com\/\",\"name\":\"Ida Kukkapuro\",\"description\":\"\",\"potentialAction\":[{\"@type\":\"SearchAction\",\"target\":{\"@type\":\"EntryPoint\",\"urlTemplate\":\"https:\/\/idakukkapuro.com\/?s={search_term_string}\"},\"query-input\":{\"@type\":\"PropertyValueSpecification\",\"valueRequired\":true,\"valueName\":\"search_term_string\"}}],\"inLanguage\":\"fi\"}]}<\/script>\n<!-- \/ Yoast SEO plugin. -->","yoast_head_json":{"title":"Ida Kukkapuro","robots":{"index":"index","follow":"follow","max-snippet":"max-snippet:-1","max-image-preview":"max-image-preview:large","max-video-preview":"max-video-preview:-1"},"canonical":"https:\/\/idakukkapuro.com\/","og_locale":"fi_FI","og_type":"article","og_title":"Ida Kukkapuro","og_description":"Studio kukkapuro Ida is the director of the Studio Kukkapuro, an initiative dedicated to preserving the artistic legacy of Irmeli and Yrj\u00f6 Kukkapuro. tv &amp; radio Ida is the host of Rakkaani, kaupunki (YLE, 2025), a series about urban architecture. Ida has been researcher in the Design 3000 and Stugor tv-series produced for YLE. Basta [&hellip;]","og_url":"https:\/\/idakukkapuro.com\/","og_site_name":"Ida Kukkapuro","article_modified_time":"2026-02-15T20:45:27+00:00","og_image":[{"width":2560,"height":1198,"url":"https:\/\/idakukkapuro.com\/wp-content\/uploads\/2026\/01\/ida-kukkapuro-portfolio-scaled.png","type":"image\/png"}],"twitter_card":"summary_large_image","twitter_misc":{"Arvioitu lukuaika":"2 minuuttia"},"schema":{"@context":"https:\/\/schema.org","@graph":[{"@type":"WebPage","@id":"https:\/\/idakukkapuro.com\/","url":"https:\/\/idakukkapuro.com\/","name":"Ida Kukkapuro","isPartOf":{"@id":"https:\/\/idakukkapuro.com\/#website"},"primaryImageOfPage":{"@id":"https:\/\/idakukkapuro.com\/#primaryimage"},"image":{"@id":"https:\/\/idakukkapuro.com\/#primaryimage"},"thumbnailUrl":"https:\/\/idakukkapuro.com\/wp-content\/uploads\/2026\/01\/ida-kukkapuro-portfolio-scaled.png","datePublished":"2025-12-15T08:49:04+00:00","dateModified":"2026-02-15T20:45:27+00:00","breadcrumb":{"@id":"https:\/\/idakukkapuro.com\/#breadcrumb"},"inLanguage":"fi","potentialAction":[{"@type":"ReadAction","target":["https:\/\/idakukkapuro.com\/"]}]},{"@type":"ImageObject","inLanguage":"fi","@id":"https:\/\/idakukkapuro.com\/#primaryimage","url":"https:\/\/idakukkapuro.com\/wp-content\/uploads\/2026\/01\/ida-kukkapuro-portfolio-scaled.png","contentUrl":"https:\/\/idakukkapuro.com\/wp-content\/uploads\/2026\/01\/ida-kukkapuro-portfolio-scaled.png","width":2560,"height":1198},{"@type":"BreadcrumbList","@id":"https:\/\/idakukkapuro.com\/#breadcrumb","itemListElement":[{"@type":"ListItem","position":1,"name":"Etusivu","item":"https:\/\/idakukkapuro.com\/"},{"@type":"ListItem","position":2,"name":"Ida Kukkapuro"}]},{"@type":"WebSite","@id":"https:\/\/idakukkapuro.com\/#website","url":"https:\/\/idakukkapuro.com\/","name":"Ida Kukkapuro","description":"","potentialAction":[{"@type":"SearchAction","target":{"@type":"EntryPoint","urlTemplate":"https:\/\/idakukkapuro.com\/?s={search_term_string}"},"query-input":{"@type":"PropertyValueSpecification","valueRequired":true,"valueName":"search_term_string"}}],"inLanguage":"fi"}]}},"taxonomy_info":[],"featured_image_src_large":["https:\/\/idakukkapuro.com\/wp-content\/uploads\/2026\/01\/ida-kukkapuro-portfolio-1024x479.png",1024,479,true],"author_info":{"display_name":"Stoked-admin","author_link":"https:\/\/idakukkapuro.com\/?author=1"},"comment_info":0,"_links":{"self":[{"href":"https:\/\/idakukkapuro.com\/index.php?rest_route=\/wp\/v2\/pages\/2","targetHints":{"allow":["GET"]}}],"collection":[{"href":"https:\/\/idakukkapuro.com\/index.php?rest_route=\/wp\/v2\/pages"}],"about":[{"href":"https:\/\/idakukkapuro.com\/index.php?rest_route=\/wp\/v2\/types\/page"}],"author":[{"embeddable":true,"href":"https:\/\/idakukkapuro.com\/index.php?rest_route=\/wp\/v2\/users\/1"}],"replies":[{"embeddable":true,"href":"https:\/\/idakukkapuro.com\/index.php?rest_route=%2Fwp%2Fv2%2Fcomments&post=2"}],"version-history":[{"count":234,"href":"https:\/\/idakukkapuro.com\/index.php?rest_route=\/wp\/v2\/pages\/2\/revisions"}],"predecessor-version":[{"id":349,"href":"https:\/\/idakukkapuro.com\/index.php?rest_route=\/wp\/v2\/pages\/2\/revisions\/349"}],"wp:featuredmedia":[{"embeddable":true,"href":"https:\/\/idakukkapuro.com\/index.php?rest_route=\/wp\/v2\/media\/325"}],"wp:attachment":[{"href":"https:\/\/idakukkapuro.com\/index.php?rest_route=%2Fwp%2Fv2%2Fmedia&parent=2"}],"curies":[{"name":"wp","href":"https:\/\/api.w.org\/{rel}","templated":true}]}}